{"id":111,"date":"2026-04-24T15:32:45","date_gmt":"2026-04-24T15:32:45","guid":{"rendered":"https:\/\/www.koivistopipeweld.fi\/?page_id=111"},"modified":"2026-04-24T15:32:45","modified_gmt":"2026-04-24T15:32:45","slug":"muut-palvelutulkomaalaus","status":"publish","type":"page","link":"https:\/\/www.koivistopipeweld.fi\/?page_id=111","title":{"rendered":"MUUT PALVELUT\nUlkomaalaus"},"content":{"rendered":"\n<h2 class=\"wp-block-heading\"><strong>Ulkomaalaus Tornio &#8211; Meri Lappi<\/strong>\u00a0<\/h2>\n\n\n\n<p>Kes\u00e4 on kohta vihdoin t\u00e4\u00e4ll\u00e4 merilapissa, ja aurinko alkaa l\u00e4mmitt\u00e4\u00e4 jokivartta. Se&nbsp; tarkoittaa my\u00f6s, ett\u00e4 paras maalauskausi on k\u00e4sill\u00e4. Moni pohtii, onko oman talon maalipinta viel\u00e4 kunnossa vai pit\u00e4isik\u00f6 pensseliin tarttua t\u00e4n\u00e4 vuonna. Me autamme&nbsp; maalauksessa jos et itse ehdi kes\u00e4n kiireilt\u00e4, varaa ilmainen kunsultaatio niin k\u00e4yd\u00e4\u00e4n&nbsp; l\u00e4pi tarpeenne ja sovitaan urakka mik\u00e4 mielytt\u00e4\u00e4 teit\u00e4, \u00e4l\u00e4 odota liian kauan koska vain&nbsp; muutama talo mahtuu kalenteriin t\u00e4n\u00e4 kes\u00e4n\u00e4.Vi talar \u00e4ven svenska.&nbsp;&nbsp;<\/p>\n\n\n\n<h3 class=\"wp-block-heading\"><strong>Ammattitaitoista maalausta Torniossa.<\/strong><\/h3>\n\n\n\n<p>Olemme ammattitaitoinen maalauspalvelu, joka on erikoistunut omakotitalojen ulkomaalaukseen Tornion alueella. Tarjoamme laadukasta ja luotettavaa palvelua asiakkaidemme tarpeiden mukaan. Ota yhteytt\u00e4 ja anna meid\u00e4n tuoda kotisi ulkoasu uudelle tasolle!&nbsp;<\/p>\n\n\n\n<blockquote class=\"wp-block-quote is-layout-flow wp-block-quote-is-layout-flow\">\n<p>Olemme erikoistuneet omakotitalojen ulkomaalaukseen Tornion alueella. Tarjoamme laadukasta ja ammattitaitoista maalauspalvelua, joka sis\u00e4lt\u00e4\u00e4 kaiken tarvittavan valmistelusta viimeistelyyn asti. Ty\u00f6t suoritetaan joko tunti veloiutuksella tai sovitulla urakka hinnalla, varaa ilmainen kartoitus t\u00e4st\u00e4.<\/p>\n<\/blockquote>\n","protected":false},"excerpt":{"rendered":"<p>Ulkomaalaus Tornio &#8211; Meri Lappi\u00a0 Kes\u00e4 on kohta vihdoin t\u00e4\u00e4ll\u00e4 merilapissa, ja aurinko alkaa l\u00e4mmitt\u00e4\u00e4 jokivartta. Se&nbsp; tarkoittaa my\u00f6s, ett\u00e4 paras maalauskausi on k\u00e4sill\u00e4. Moni pohtii, onko oman talon maalipinta viel\u00e4 kunnossa vai pit\u00e4isik\u00f6 pensseliin tarttua t\u00e4n\u00e4 vuonna. Me autamme&nbsp; maalauksessa jos et itse ehdi kes\u00e4n kiireilt\u00e4, varaa ilmainen kunsultaatio niin k\u00e4yd\u00e4\u00e4n&nbsp; l\u00e4pi tarpeenne ja [&hellip;]<\/p>\n","protected":false},"author":1,"featured_media":114,"parent":0,"menu_order":0,"comment_status":"closed","ping_status":"closed","template":"","meta":{"footnotes":""},"class_list":["post-111","page","type-page","status-publish","has-post-thumbnail","hentry"],"_links":{"self":[{"href":"https:\/\/www.koivistopipeweld.fi\/index.php?rest_route=\/wp\/v2\/pages\/111","targetHints":{"allow":["GET"]}}],"collection":[{"href":"https:\/\/www.koivistopipeweld.fi\/index.php?rest_route=\/wp\/v2\/pages"}],"about":[{"href":"https:\/\/www.koivistopipeweld.fi\/index.php?rest_route=\/wp\/v2\/types\/page"}],"author":[{"embeddable":true,"href":"https:\/\/www.koivistopipeweld.fi\/index.php?rest_route=\/wp\/v2\/users\/1"}],"replies":[{"embeddable":true,"href":"https:\/\/www.koivistopipeweld.fi\/index.php?rest_route=%2Fwp%2Fv2%2Fcomments&post=111"}],"version-history":[{"count":1,"href":"https:\/\/www.koivistopipeweld.fi\/index.php?rest_route=\/wp\/v2\/pages\/111\/revisions"}],"predecessor-version":[{"id":115,"href":"https:\/\/www.koivistopipeweld.fi\/index.php?rest_route=\/wp\/v2\/pages\/111\/revisions\/115"}],"wp:featuredmedia":[{"embeddable":true,"href":"https:\/\/www.koivistopipeweld.fi\/index.php?rest_route=\/wp\/v2\/media\/114"}],"wp:attachment":[{"href":"https:\/\/www.koivistopipeweld.fi\/index.php?rest_route=%2Fwp%2Fv2%2Fmedia&parent=111"}],"curies":[{"name":"wp","href":"https:\/\/api.w.org\/{rel}","templated":true}]}}